{"id":835,"date":"2019-05-09T15:35:18","date_gmt":"2019-05-09T15:35:18","guid":{"rendered":"https:\/\/maxmedia.ca\/products\/"},"modified":"2024-10-29T13:23:06","modified_gmt":"2024-10-29T17:23:06","slug":"produits","status":"publish","type":"page","link":"https:\/\/maxmedia.ca\/fr\/produits\/","title":{"rendered":"Produits"},"content":{"rendered":"\t\t<div data-elementor-type=\"wp-post\" data-elementor-id=\"835\" class=\"elementor elementor-835 elementor-222\" data-elementor-post-type=\"page\">\n\t\t\t\t<div class=\"elementor-element elementor-element-b5e1e58 e-con-full e-flex e-con e-parent\" data-id=\"b5e1e58\" data-element_type=\"container\" data-e-type=\"container\" data-settings=\"{&quot;background_background&quot;:&quot;classic&quot;,&quot;jet_parallax_layout_list&quot;:[]}\">\n\t\t<div class=\"elementor-element elementor-element-4387af5 e-con-full e-flex e-con e-child\" data-id=\"4387af5\" data-element_type=\"container\" data-e-type=\"container\" data-settings=\"{&quot;jet_parallax_layout_list&quot;:[]}\">\n\t\t\t\t<div class=\"elementor-element elementor-element-563baf4 bl-font elementor-widget elementor-widget-heading\" data-id=\"563baf4\" data-element_type=\"widget\" data-e-type=\"widget\" data-widget_type=\"heading.default\">\n\t\t\t\t<div class=\"elementor-widget-container\">\n\t\t\t\t\t<h2 class=\"elementor-heading-title elementor-size-default\">Votre v\u00e9hicule de placement cr\u00e9atif<\/h2>\t\t\t\t<\/div>\n\t\t\t\t<\/div>\n\t\t\t\t<div class=\"elementor-element elementor-element-56ae4e8 elementor-widget elementor-widget-text-editor\" data-id=\"56ae4e8\" data-element_type=\"widget\" data-e-type=\"widget\" data-widget_type=\"text-editor.default\">\n\t\t\t\t<div class=\"elementor-widget-container\">\n\t\t\t\t\t\t\t\t\t<p>Disponible ici<\/p>\t\t\t\t\t\t\t\t<\/div>\n\t\t\t\t<\/div>\n\t\t\t\t<\/div>\n\t\t\t\t<\/div>\n\t\t<div class=\"elementor-element elementor-element-83d8e47 e-con-full e-flex e-con e-parent\" data-id=\"83d8e47\" data-element_type=\"container\" data-e-type=\"container\" data-settings=\"{&quot;background_background&quot;:&quot;classic&quot;,&quot;jet_parallax_layout_list&quot;:[]}\">\n\t\t<div class=\"elementor-element elementor-element-ba01598 e-con-full e-flex e-con e-child\" data-id=\"ba01598\" data-element_type=\"container\" data-e-type=\"container\" data-settings=\"{&quot;background_background&quot;:&quot;classic&quot;,&quot;jet_parallax_layout_list&quot;:[]}\">\n\t\t<div class=\"elementor-element elementor-element-c61b41f e-con-full e-flex e-con e-child\" data-id=\"c61b41f\" data-element_type=\"container\" data-e-type=\"container\" data-settings=\"{&quot;jet_parallax_layout_list&quot;:[]}\">\n\t\t\t\t<div class=\"elementor-element elementor-element-c717bf7 bl-font-2 elementor-position-top elementor-widget elementor-widget-image-box\" data-id=\"c717bf7\" data-element_type=\"widget\" data-e-type=\"widget\" data-widget_type=\"image-box.default\">\n\t\t\t\t<div class=\"elementor-widget-container\">\n\t\t\t\t\t<div class=\"elementor-image-box-wrapper\"><figure class=\"elementor-image-box-img\"><img decoding=\"async\" width=\"150\" height=\"101\" src=\"https:\/\/maxmedia.ca\/wp-content\/uploads\/2024\/10\/wifi_logo.png\" class=\"attachment-full size-full wp-image-1562\" alt=\"\" \/><\/figure><div class=\"elementor-image-box-content\"><h3 class=\"elementor-image-box-title\">Marketing Wi-Fi social<\/h3><p class=\"elementor-image-box-description\">Comment fonctionne le Wi-Fi social&nbsp;?? <br>Quels sont les avantages pour les clients&nbsp;?? <br>Quels sont les avantages pour votre entreprise&nbsp;?<\/p><\/div><\/div>\t\t\t\t<\/div>\n\t\t\t\t<\/div>\n\t\t\t\t<div class=\"elementor-element elementor-element-d4383fa elementor-align-center elementor-widget elementor-widget-button\" data-id=\"d4383fa\" data-element_type=\"widget\" data-e-type=\"widget\" data-widget_type=\"button.default\">\n\t\t\t\t<div class=\"elementor-widget-container\">\n\t\t\t\t\t\t\t\t\t<div class=\"elementor-button-wrapper\">\n\t\t\t\t\t<a class=\"elementor-button elementor-button-link elementor-size-sm\" href=\"https:\/\/maxmedia.ca\/fr\/produits\/marketing-wi-fi-social\/\">\n\t\t\t\t\t\t<span class=\"elementor-button-content-wrapper\">\n\t\t\t\t\t\t\t\t\t<span class=\"elementor-button-text\">Commencez maintenant<\/span>\n\t\t\t\t\t<\/span>\n\t\t\t\t\t<\/a>\n\t\t\t\t<\/div>\n\t\t\t\t\t\t\t\t<\/div>\n\t\t\t\t<\/div>\n\t\t\t\t<\/div>\n\t\t<div class=\"elementor-element elementor-element-d1e8498 e-con-full e-flex e-con e-child\" data-id=\"d1e8498\" data-element_type=\"container\" data-e-type=\"container\" data-settings=\"{&quot;jet_parallax_layout_list&quot;:[]}\">\n\t\t\t\t<div class=\"elementor-element elementor-element-272b804 bl-font-2 elementor-position-top elementor-widget elementor-widget-image-box\" data-id=\"272b804\" data-element_type=\"widget\" data-e-type=\"widget\" data-widget_type=\"image-box.default\">\n\t\t\t\t<div class=\"elementor-widget-container\">\n\t\t\t\t\t<div class=\"elementor-image-box-wrapper\"><figure class=\"elementor-image-box-img\"><img decoding=\"async\" width=\"83\" height=\"152\" src=\"https:\/\/maxmedia.ca\/wp-content\/uploads\/2024\/10\/phone_logo.png\" class=\"attachment-full size-full wp-image-1564\" alt=\"\" \/><\/figure><div class=\"elementor-image-box-content\"><h3 class=\"elementor-image-box-title\">Publicit\u00e9 g\u00e9ofencing<\/h3><p class=\"elementor-image-box-description\">Qu'est-ce que la publicit\u00e9 par g\u00e9ofencing&nbsp;? <br>Comment fonctionne le g\u00e9ofencing&nbsp;? <br>Ma publicit\u00e9 produit-elle des visites r\u00e9elles dans mon magasin&nbsp;? <br>O\u00f9 sont diffus\u00e9es les publicit\u00e9s de g\u00e9ofencing&nbsp;? <br>Comment optimiser le g\u00e9ofencing&nbsp;?<\/p><\/div><\/div>\t\t\t\t<\/div>\n\t\t\t\t<\/div>\n\t\t\t\t<div class=\"elementor-element elementor-element-8d619cf elementor-align-center elementor-widget elementor-widget-button\" data-id=\"8d619cf\" data-element_type=\"widget\" data-e-type=\"widget\" data-widget_type=\"button.default\">\n\t\t\t\t<div class=\"elementor-widget-container\">\n\t\t\t\t\t\t\t\t\t<div class=\"elementor-button-wrapper\">\n\t\t\t\t\t<a class=\"elementor-button elementor-button-link elementor-size-sm\" href=\"https:\/\/maxmedia.ca\/fr\/produits\/publicite-geofencing\/\">\n\t\t\t\t\t\t<span class=\"elementor-button-content-wrapper\">\n\t\t\t\t\t\t\t\t\t<span class=\"elementor-button-text\">Commencez maintenant<\/span>\n\t\t\t\t\t<\/span>\n\t\t\t\t\t<\/a>\n\t\t\t\t<\/div>\n\t\t\t\t\t\t\t\t<\/div>\n\t\t\t\t<\/div>\n\t\t\t\t<\/div>\n\t\t<div class=\"elementor-element elementor-element-52078df e-con-full e-flex e-con e-child\" data-id=\"52078df\" data-element_type=\"container\" data-e-type=\"container\" data-settings=\"{&quot;jet_parallax_layout_list&quot;:[]}\">\n\t\t\t\t<div class=\"elementor-element elementor-element-51ce0d1 bl-font-2 elementor-position-top elementor-widget elementor-widget-image-box\" data-id=\"51ce0d1\" data-element_type=\"widget\" data-e-type=\"widget\" data-widget_type=\"image-box.default\">\n\t\t\t\t<div class=\"elementor-widget-container\">\n\t\t\t\t\t<div class=\"elementor-image-box-wrapper\"><figure class=\"elementor-image-box-img\"><img decoding=\"async\" width=\"110\" height=\"171\" src=\"https:\/\/maxmedia.ca\/wp-content\/uploads\/2024\/10\/image_logo.png\" class=\"attachment-full size-full wp-image-1566\" alt=\"\" \/><\/figure><div class=\"elementor-image-box-content\"><h3 class=\"elementor-image-box-title\">Affichage int\u00e9rieur<\/h3><p class=\"elementor-image-box-description\">Parlez au bon public <br>Rattraper vos clients potentiels<\/p><\/div><\/div>\t\t\t\t<\/div>\n\t\t\t\t<\/div>\n\t\t\t\t<div class=\"elementor-element elementor-element-0f1e701 elementor-align-center elementor-widget elementor-widget-button\" data-id=\"0f1e701\" data-element_type=\"widget\" data-e-type=\"widget\" data-widget_type=\"button.default\">\n\t\t\t\t<div class=\"elementor-widget-container\">\n\t\t\t\t\t\t\t\t\t<div class=\"elementor-button-wrapper\">\n\t\t\t\t\t<a class=\"elementor-button elementor-button-link elementor-size-sm\" href=\"https:\/\/maxmedia.ca\/fr\/produits\/affichage-interieur\/\">\n\t\t\t\t\t\t<span class=\"elementor-button-content-wrapper\">\n\t\t\t\t\t\t\t\t\t<span class=\"elementor-button-text\">Commencez maintenant<\/span>\n\t\t\t\t\t<\/span>\n\t\t\t\t\t<\/a>\n\t\t\t\t<\/div>\n\t\t\t\t\t\t\t\t<\/div>\n\t\t\t\t<\/div>\n\t\t\t\t<\/div>\n\t\t\t\t<\/div>\n\t\t\t\t<\/div>\n\t\t<div class=\"elementor-element elementor-element-7424835 e-con-full e-flex e-con e-parent\" data-id=\"7424835\" data-element_type=\"container\" data-e-type=\"container\" data-settings=\"{&quot;jet_parallax_layout_list&quot;:[],&quot;background_background&quot;:&quot;classic&quot;}\">\n\t\t<div class=\"elementor-element elementor-element-2018db0 height-img e-con-full e-flex e-con e-child\" data-id=\"2018db0\" data-element_type=\"container\" data-e-type=\"container\" data-settings=\"{&quot;background_background&quot;:&quot;classic&quot;,&quot;jet_parallax_layout_list&quot;:[]}\">\n\t\t\t\t<div class=\"elementor-element elementor-element-923d6d8 elementor-widget elementor-widget-image\" data-id=\"923d6d8\" data-element_type=\"widget\" data-e-type=\"widget\" data-widget_type=\"image.default\">\n\t\t\t\t<div class=\"elementor-widget-container\">\n\t\t\t\t\t\t\t\t\t\t\t\t\t\t\t<img loading=\"lazy\" decoding=\"async\" width=\"2560\" height=\"2078\" src=\"https:\/\/maxmedia.ca\/wp-content\/uploads\/2024\/10\/produts_goals.jpg\" class=\"attachment-full size-full wp-image-1568\" alt=\"\" srcset=\"https:\/\/maxmedia.ca\/wp-content\/uploads\/2024\/10\/produts_goals.jpg 2560w, https:\/\/maxmedia.ca\/wp-content\/uploads\/2024\/10\/produts_goals-300x244.jpg 300w, https:\/\/maxmedia.ca\/wp-content\/uploads\/2024\/10\/produts_goals-1024x831.jpg 1024w, https:\/\/maxmedia.ca\/wp-content\/uploads\/2024\/10\/produts_goals-768x623.jpg 768w, https:\/\/maxmedia.ca\/wp-content\/uploads\/2024\/10\/produts_goals-1536x1247.jpg 1536w, https:\/\/maxmedia.ca\/wp-content\/uploads\/2024\/10\/produts_goals-2048x1662.jpg 2048w\" sizes=\"(max-width: 2560px) 100vw, 2560px\" \/>\t\t\t\t\t\t\t\t\t\t\t\t\t\t\t<\/div>\n\t\t\t\t<\/div>\n\t\t\t\t<\/div>\n\t\t<div class=\"elementor-element elementor-element-b7cf7e0 col-spacing-pad e-con-full e-flex e-con e-child\" data-id=\"b7cf7e0\" data-element_type=\"container\" data-e-type=\"container\" data-settings=\"{&quot;jet_parallax_layout_list&quot;:[]}\">\n\t\t\t\t<div class=\"elementor-element elementor-element-30a7742 elementor-widget elementor-widget-text-editor\" data-id=\"30a7742\" data-element_type=\"widget\" data-e-type=\"widget\" data-widget_type=\"text-editor.default\">\n\t\t\t\t<div class=\"elementor-widget-container\">\n\t\t\t\t\t\t\t\t\t<p>Maxmedia vous accompagne dans l\u2019atteinte de vos objectifs. Nous allons prendre le temps de les comprendre avec vous afin de capter l\u2019attention de votre public cible.<\/p>\t\t\t\t\t\t\t\t<\/div>\n\t\t\t\t<\/div>\n\t\t\t\t<div class=\"elementor-element elementor-element-4108a58 elementor-align-left elementor-mobile-align-center elementor-mobile_extra-align-center elementor-widget elementor-widget-button\" data-id=\"4108a58\" data-element_type=\"widget\" data-e-type=\"widget\" data-widget_type=\"button.default\">\n\t\t\t\t<div class=\"elementor-widget-container\">\n\t\t\t\t\t\t\t\t\t<div class=\"elementor-button-wrapper\">\n\t\t\t\t\t<a class=\"elementor-button elementor-button-link elementor-size-sm\" href=\"https:\/\/maxmedia.ca\/fr\/contactez-nous\/\">\n\t\t\t\t\t\t<span class=\"elementor-button-content-wrapper\">\n\t\t\t\t\t\t\t\t\t<span class=\"elementor-button-text\">Comment s'y prendre pour commencer<\/span>\n\t\t\t\t\t<\/span>\n\t\t\t\t\t<\/a>\n\t\t\t\t<\/div>\n\t\t\t\t\t\t\t\t<\/div>\n\t\t\t\t<\/div>\n\t\t\t\t<\/div>\n\t\t\t\t<\/div>\n\t\t<div class=\"elementor-element elementor-element-14a6688 e-con-full e-flex e-con e-parent\" data-id=\"14a6688\" data-element_type=\"container\" data-e-type=\"container\" data-settings=\"{&quot;background_background&quot;:&quot;classic&quot;,&quot;jet_parallax_layout_list&quot;:[]}\">\n\t\t<div class=\"elementor-element elementor-element-582f54b e-con-full e-flex e-con e-child\" data-id=\"582f54b\" data-element_type=\"container\" data-e-type=\"container\" data-settings=\"{&quot;jet_parallax_layout_list&quot;:[]}\">\n\t\t\t\t<div class=\"elementor-element elementor-element-dbb4b32 elementor-widget elementor-widget-heading\" data-id=\"dbb4b32\" data-element_type=\"widget\" data-e-type=\"widget\" data-widget_type=\"heading.default\">\n\t\t\t\t<div class=\"elementor-widget-container\">\n\t\t\t\t\t<h2 class=\"elementor-heading-title elementor-size-default\">Exposez votre entreprise<\/h2>\t\t\t\t<\/div>\n\t\t\t\t<\/div>\n\t\t\t\t<\/div>\n\t\t<div class=\"elementor-element elementor-element-f96ec0f e-con-full e-flex e-con e-child\" data-id=\"f96ec0f\" data-element_type=\"container\" data-e-type=\"container\" data-settings=\"{&quot;jet_parallax_layout_list&quot;:[]}\">\n\t\t\t\t<div class=\"elementor-element elementor-element-9935577 elementor-align-center elementor-widget elementor-widget-button\" data-id=\"9935577\" data-element_type=\"widget\" data-e-type=\"widget\" data-widget_type=\"button.default\">\n\t\t\t\t<div class=\"elementor-widget-container\">\n\t\t\t\t\t\t\t\t\t<div class=\"elementor-button-wrapper\">\n\t\t\t\t\t<a class=\"elementor-button elementor-button-link elementor-size-lg\" href=\"https:\/\/maxmedia.ca\/fr\/contactez-nous\/\">\n\t\t\t\t\t\t<span class=\"elementor-button-content-wrapper\">\n\t\t\t\t\t\t\t\t\t<span class=\"elementor-button-text\">Demandez une soumission<\/span>\n\t\t\t\t\t<\/span>\n\t\t\t\t\t<\/a>\n\t\t\t\t<\/div>\n\t\t\t\t\t\t\t\t<\/div>\n\t\t\t\t<\/div>\n\t\t\t\t<\/div>\n\t\t\t\t<\/div>\n\t\t\t\t<\/div>\n\t\t","protected":false},"excerpt":{"rendered":"<p>Votre v\u00e9hicule de placement cr\u00e9atif Disponible ici Marketing Wi-Fi social Comment fonctionne le Wi-Fi social&nbsp;?? Quels sont les avantages pour les clients&nbsp;?? Quels sont les avantages pour votre entreprise&nbsp;? Commencez maintenant Publicit\u00e9 g\u00e9ofencing Qu&rsquo;est-ce que la publicit\u00e9 par g\u00e9ofencing&nbsp;? Comment fonctionne le g\u00e9ofencing&nbsp;? Ma publicit\u00e9 produit-elle des visites r\u00e9elles dans mon magasin&nbsp;? O\u00f9 sont diffus\u00e9es [&hellip;]<\/p>\n","protected":false},"author":1,"featured_media":0,"parent":0,"menu_order":2,"comment_status":"closed","ping_status":"closed","template":"elementor_header_footer","meta":{"inline_featured_image":false,"footnotes":""},"class_list":["post-835","page","type-page","status-publish","hentry"],"yoast_head":"<!-- This site is optimized with the Yoast SEO Premium plugin v27.2 (Yoast SEO v27.2) - https:\/\/yoast.com\/product\/yoast-seo-premium-wordpress\/ -->\n<title>Produits | Maxmedia<\/title>\n<meta name=\"robots\" content=\"index, follow, max-snippet:-1, max-image-preview:large, max-video-preview:-1\" \/>\n<link rel=\"canonical\" href=\"https:\/\/maxmedia.ca\/fr\/produits\/\" \/>\n<meta property=\"og:locale\" content=\"fr_FR\" \/>\n<meta property=\"og:type\" content=\"article\" \/>\n<meta property=\"og:title\" content=\"Produits\" \/>\n<meta property=\"og:description\" content=\"Votre v\u00e9hicule de placement cr\u00e9atif Disponible ici Marketing Wi-Fi social Comment fonctionne le Wi-Fi social&nbsp;?? Quels sont les avantages pour les clients&nbsp;?? Quels sont les avantages pour votre entreprise&nbsp;? Commencez maintenant Publicit\u00e9 g\u00e9ofencing Qu&rsquo;est-ce que la publicit\u00e9 par g\u00e9ofencing&nbsp;? Comment fonctionne le g\u00e9ofencing&nbsp;? Ma publicit\u00e9 produit-elle des visites r\u00e9elles dans mon magasin&nbsp;? O\u00f9 sont diffus\u00e9es [&hellip;]\" \/>\n<meta property=\"og:url\" content=\"https:\/\/maxmedia.ca\/fr\/produits\/\" \/>\n<meta property=\"og:site_name\" content=\"Maxmedia\" \/>\n<meta property=\"article:publisher\" content=\"https:\/\/www.facebook.com\/MaxmediaGatineauOttawa\/\" \/>\n<meta property=\"article:modified_time\" content=\"2024-10-29T17:23:06+00:00\" \/>\n<meta property=\"og:image\" content=\"https:\/\/maxmedia.ca\/wp-content\/uploads\/elementor\/thumbs\/play_logo-o7kpasp9oz13njngkti8k1uo2epg2c32vxe3not9xs.png\" \/>\n<meta name=\"twitter:card\" content=\"summary_large_image\" \/>\n<meta name=\"twitter:label1\" content=\"Dur\u00e9e de lecture estim\u00e9e\" \/>\n\t<meta name=\"twitter:data1\" content=\"1 minute\" \/>\n<script type=\"application\/ld+json\" class=\"yoast-schema-graph\">{\"@context\":\"https:\/\/schema.org\",\"@graph\":[{\"@type\":\"WebPage\",\"@id\":\"https:\/\/maxmedia.ca\/fr\/produits\/\",\"url\":\"https:\/\/maxmedia.ca\/fr\/produits\/\",\"name\":\"Produits | Maxmedia\",\"isPartOf\":{\"@id\":\"https:\/\/maxmedia.ca\/#website\"},\"primaryImageOfPage\":{\"@id\":\"https:\/\/maxmedia.ca\/fr\/produits\/#primaryimage\"},\"image\":{\"@id\":\"https:\/\/maxmedia.ca\/fr\/produits\/#primaryimage\"},\"thumbnailUrl\":\"https:\/\/maxmedia.ca\/wp-content\/uploads\/2024\/10\/wifi_logo.png\",\"datePublished\":\"2019-05-09T15:35:18+00:00\",\"dateModified\":\"2024-10-29T17:23:06+00:00\",\"breadcrumb\":{\"@id\":\"https:\/\/maxmedia.ca\/fr\/produits\/#breadcrumb\"},\"inLanguage\":\"fr-FR\",\"potentialAction\":[{\"@type\":\"ReadAction\",\"target\":[\"https:\/\/maxmedia.ca\/fr\/produits\/\"]}]},{\"@type\":\"ImageObject\",\"inLanguage\":\"fr-FR\",\"@id\":\"https:\/\/maxmedia.ca\/fr\/produits\/#primaryimage\",\"url\":\"https:\/\/maxmedia.ca\/wp-content\/uploads\/2024\/10\/wifi_logo.png\",\"contentUrl\":\"https:\/\/maxmedia.ca\/wp-content\/uploads\/2024\/10\/wifi_logo.png\"},{\"@type\":\"BreadcrumbList\",\"@id\":\"https:\/\/maxmedia.ca\/fr\/produits\/#breadcrumb\",\"itemListElement\":[{\"@type\":\"ListItem\",\"position\":1,\"name\":\"Home\",\"item\":\"https:\/\/maxmedia.ca\/fr\/\"},{\"@type\":\"ListItem\",\"position\":2,\"name\":\"Produits\"}]},{\"@type\":\"WebSite\",\"@id\":\"https:\/\/maxmedia.ca\/#website\",\"url\":\"https:\/\/maxmedia.ca\/\",\"name\":\"Maxmedia\",\"description\":\"R\u00e9seau publicitaire \u00e0 Ottawa et Gatineau\",\"publisher\":{\"@id\":\"https:\/\/maxmedia.ca\/#organization\"},\"potentialAction\":[{\"@type\":\"SearchAction\",\"target\":{\"@type\":\"EntryPoint\",\"urlTemplate\":\"https:\/\/maxmedia.ca\/?s={search_term_string}\"},\"query-input\":{\"@type\":\"PropertyValueSpecification\",\"valueRequired\":true,\"valueName\":\"search_term_string\"}}],\"inLanguage\":\"fr-FR\"},{\"@type\":\"Organization\",\"@id\":\"https:\/\/maxmedia.ca\/#organization\",\"name\":\"Maxmedia\",\"url\":\"https:\/\/maxmedia.ca\/\",\"logo\":{\"@type\":\"ImageObject\",\"inLanguage\":\"fr-FR\",\"@id\":\"https:\/\/maxmedia.ca\/#\/schema\/logo\/image\/\",\"url\":\"https:\/\/maxmedia.ca\/wp-content\/uploads\/2019\/05\/Maxmedia-logo-500px.png\",\"contentUrl\":\"https:\/\/maxmedia.ca\/wp-content\/uploads\/2019\/05\/Maxmedia-logo-500px.png\",\"width\":2068,\"height\":448,\"caption\":\"Maxmedia\"},\"image\":{\"@id\":\"https:\/\/maxmedia.ca\/#\/schema\/logo\/image\/\"},\"sameAs\":[\"https:\/\/www.facebook.com\/MaxmediaGatineauOttawa\/\"]}]}<\/script>\n<!-- \/ Yoast SEO Premium plugin. -->","yoast_head_json":{"title":"Produits | Maxmedia","robots":{"index":"index","follow":"follow","max-snippet":"max-snippet:-1","max-image-preview":"max-image-preview:large","max-video-preview":"max-video-preview:-1"},"canonical":"https:\/\/maxmedia.ca\/fr\/produits\/","og_locale":"fr_FR","og_type":"article","og_title":"Produits","og_description":"Votre v\u00e9hicule de placement cr\u00e9atif Disponible ici Marketing Wi-Fi social Comment fonctionne le Wi-Fi social&nbsp;?? Quels sont les avantages pour les clients&nbsp;?? Quels sont les avantages pour votre entreprise&nbsp;? Commencez maintenant Publicit\u00e9 g\u00e9ofencing Qu&rsquo;est-ce que la publicit\u00e9 par g\u00e9ofencing&nbsp;? Comment fonctionne le g\u00e9ofencing&nbsp;? Ma publicit\u00e9 produit-elle des visites r\u00e9elles dans mon magasin&nbsp;? O\u00f9 sont diffus\u00e9es [&hellip;]","og_url":"https:\/\/maxmedia.ca\/fr\/produits\/","og_site_name":"Maxmedia","article_publisher":"https:\/\/www.facebook.com\/MaxmediaGatineauOttawa\/","article_modified_time":"2024-10-29T17:23:06+00:00","og_image":[{"url":"https:\/\/maxmedia.ca\/wp-content\/uploads\/elementor\/thumbs\/play_logo-o7kpasp9oz13njngkti8k1uo2epg2c32vxe3not9xs.png","type":"","width":"","height":""}],"twitter_card":"summary_large_image","twitter_misc":{"Dur\u00e9e de lecture estim\u00e9e":"1 minute"},"schema":{"@context":"https:\/\/schema.org","@graph":[{"@type":"WebPage","@id":"https:\/\/maxmedia.ca\/fr\/produits\/","url":"https:\/\/maxmedia.ca\/fr\/produits\/","name":"Produits | Maxmedia","isPartOf":{"@id":"https:\/\/maxmedia.ca\/#website"},"primaryImageOfPage":{"@id":"https:\/\/maxmedia.ca\/fr\/produits\/#primaryimage"},"image":{"@id":"https:\/\/maxmedia.ca\/fr\/produits\/#primaryimage"},"thumbnailUrl":"https:\/\/maxmedia.ca\/wp-content\/uploads\/2024\/10\/wifi_logo.png","datePublished":"2019-05-09T15:35:18+00:00","dateModified":"2024-10-29T17:23:06+00:00","breadcrumb":{"@id":"https:\/\/maxmedia.ca\/fr\/produits\/#breadcrumb"},"inLanguage":"fr-FR","potentialAction":[{"@type":"ReadAction","target":["https:\/\/maxmedia.ca\/fr\/produits\/"]}]},{"@type":"ImageObject","inLanguage":"fr-FR","@id":"https:\/\/maxmedia.ca\/fr\/produits\/#primaryimage","url":"https:\/\/maxmedia.ca\/wp-content\/uploads\/2024\/10\/wifi_logo.png","contentUrl":"https:\/\/maxmedia.ca\/wp-content\/uploads\/2024\/10\/wifi_logo.png"},{"@type":"BreadcrumbList","@id":"https:\/\/maxmedia.ca\/fr\/produits\/#breadcrumb","itemListElement":[{"@type":"ListItem","position":1,"name":"Home","item":"https:\/\/maxmedia.ca\/fr\/"},{"@type":"ListItem","position":2,"name":"Produits"}]},{"@type":"WebSite","@id":"https:\/\/maxmedia.ca\/#website","url":"https:\/\/maxmedia.ca\/","name":"Maxmedia","description":"R\u00e9seau publicitaire \u00e0 Ottawa et Gatineau","publisher":{"@id":"https:\/\/maxmedia.ca\/#organization"},"potentialAction":[{"@type":"SearchAction","target":{"@type":"EntryPoint","urlTemplate":"https:\/\/maxmedia.ca\/?s={search_term_string}"},"query-input":{"@type":"PropertyValueSpecification","valueRequired":true,"valueName":"search_term_string"}}],"inLanguage":"fr-FR"},{"@type":"Organization","@id":"https:\/\/maxmedia.ca\/#organization","name":"Maxmedia","url":"https:\/\/maxmedia.ca\/","logo":{"@type":"ImageObject","inLanguage":"fr-FR","@id":"https:\/\/maxmedia.ca\/#\/schema\/logo\/image\/","url":"https:\/\/maxmedia.ca\/wp-content\/uploads\/2019\/05\/Maxmedia-logo-500px.png","contentUrl":"https:\/\/maxmedia.ca\/wp-content\/uploads\/2019\/05\/Maxmedia-logo-500px.png","width":2068,"height":448,"caption":"Maxmedia"},"image":{"@id":"https:\/\/maxmedia.ca\/#\/schema\/logo\/image\/"},"sameAs":["https:\/\/www.facebook.com\/MaxmediaGatineauOttawa\/"]}]}},"_links":{"self":[{"href":"https:\/\/maxmedia.ca\/fr\/wp-json\/wp\/v2\/pages\/835","targetHints":{"allow":["GET"]}}],"collection":[{"href":"https:\/\/maxmedia.ca\/fr\/wp-json\/wp\/v2\/pages"}],"about":[{"href":"https:\/\/maxmedia.ca\/fr\/wp-json\/wp\/v2\/types\/page"}],"author":[{"embeddable":true,"href":"https:\/\/maxmedia.ca\/fr\/wp-json\/wp\/v2\/users\/1"}],"replies":[{"embeddable":true,"href":"https:\/\/maxmedia.ca\/fr\/wp-json\/wp\/v2\/comments?post=835"}],"version-history":[{"count":3,"href":"https:\/\/maxmedia.ca\/fr\/wp-json\/wp\/v2\/pages\/835\/revisions"}],"predecessor-version":[{"id":2009,"href":"https:\/\/maxmedia.ca\/fr\/wp-json\/wp\/v2\/pages\/835\/revisions\/2009"}],"wp:attachment":[{"href":"https:\/\/maxmedia.ca\/fr\/wp-json\/wp\/v2\/media?parent=835"}],"curies":[{"name":"wp","href":"https:\/\/api.w.org\/{rel}","templated":true}]}}